{"id":879,"date":"2018-07-02T19:30:34","date_gmt":"2018-07-02T22:30:34","guid":{"rendered":"https:\/\/isp21-sfe.infd.edu.ar\/sitio\/tec-superior-en-mantenimiento-industrial\/"},"modified":"2025-12-09T01:50:14","modified_gmt":"2025-12-09T04:50:14","slug":"tec-superior-en-mantenimiento-industrial","status":"publish","type":"page","link":"https:\/\/isp21-sfe.infd.edu.ar\/sitio\/tec-superior-en-mantenimiento-industrial\/","title":{"rendered":"T\u00e9c. Superior en Mantenimiento Industrial"},"content":{"rendered":"\n<figure class=\"wp-block-image size-full is-resized\"><img decoding=\"async\" loading=\"lazy\" src=\"https:\/\/isp21-sfe.infd.edu.ar\/sitio\/wp-content\/uploads\/2025\/12\/mant_industrial1.jpg\" alt=\"\" class=\"wp-image-2669\" width=\"915\" height=\"526\" srcset=\"https:\/\/isp21-sfe.infd.edu.ar\/sitio\/wp-content\/uploads\/2025\/12\/mant_industrial1.jpg 850w, https:\/\/isp21-sfe.infd.edu.ar\/sitio\/wp-content\/uploads\/2025\/12\/mant_industrial1-768x442.jpg 768w\" sizes=\"(max-width: 915px) 100vw, 915px\" \/><\/figure>\n\n\n<h1 data-start=\"161\" data-end=\"215\">\u00a0<\/h1>\n<p data-start=\"217\" data-end=\"498\">Form\u00e1 parte del coraz\u00f3n de los entornos productivos. Esta carrera te prepara para gestionar, planificar y ejecutar tareas de mantenimiento en m\u00e1quinas, equipos e instalaciones industriales, integrando conocimientos de mec\u00e1nica, electricidad, neum\u00e1tica, hidr\u00e1ulica y automatizaci\u00f3n.<\/p>\n<p data-start=\"500\" data-end=\"729\">Desde el primer a\u00f1o, vas a trabajar en talleres y laboratorios, articulando teor\u00eda y pr\u00e1ctica, y desarrollando competencias t\u00e9cnicas y profesionales que te permiten desempe\u00f1arte en \u00e1reas de mantenimiento de empresas de la regi\u00f3<\/p>\n<p><strong data-start=\"739\" data-end=\"763\">\u00bfQu\u00e9 vas a aprender?<\/strong><\/p>\n<p data-start=\"765\" data-end=\"835\">Durante la carrera vas a desarrollar conocimientos y habilidades para:<\/p>\n<ul data-start=\"837\" data-end=\"1591\">\n<li data-start=\"837\" data-end=\"894\">\n<p data-start=\"839\" data-end=\"894\">Interpretar planos, esquemas y documentaci\u00f3n t\u00e9cnica.<\/p>\n<\/li>\n<li data-start=\"895\" data-end=\"941\">\n<p data-start=\"897\" data-end=\"941\">Diagnosticar fallas en m\u00e1quinas y equipos.<\/p>\n<\/li>\n<li data-start=\"942\" data-end=\"1005\">\n<p data-start=\"944\" data-end=\"1005\">Realizar mantenimiento preventivo, predictivo y correctivo.<\/p>\n<\/li>\n<li data-start=\"1006\" data-end=\"1067\">\n<p data-start=\"1008\" data-end=\"1067\">Utilizar herramientas de medici\u00f3n, control y diagn\u00f3stico.<\/p>\n<\/li>\n<li data-start=\"1068\" data-end=\"1161\">\n<p data-start=\"1070\" data-end=\"1161\">Comprender el funcionamiento de sistemas el\u00e9ctricos, mec\u00e1nicos, neum\u00e1ticos e hidr\u00e1ulicos.<\/p>\n<\/li>\n<li data-start=\"1162\" data-end=\"1235\">\n<p data-start=\"1164\" data-end=\"1235\">Aplicar criterios de seguridad, higiene y cuidado del medio ambiente.<\/p>\n<\/li>\n<li data-start=\"1236\" data-end=\"1309\">\n<p data-start=\"1238\" data-end=\"1309\">Gestionar repuestos, costos b\u00e1sicos y documentaci\u00f3n de mantenimiento.<\/p>\n<\/li>\n<li data-start=\"1310\" data-end=\"1383\">\n<p data-start=\"1312\" data-end=\"1383\">Trabajar en equipo, comunicar informaci\u00f3n t\u00e9cnica y organizar tareas.<\/p>\n<\/li>\n<li data-start=\"1384\" data-end=\"1474\">\n<p data-start=\"1386\" data-end=\"1474\">Utilizar herramientas inform\u00e1ticas vinculadas al mantenimiento y a la gesti\u00f3n t\u00e9cnica.<\/p>\n<\/li>\n<li data-start=\"1475\" data-end=\"1591\">\n<p data-start=\"1477\" data-end=\"1591\">Participar en pr\u00e1cticas profesionalizantes que vinculan lo aprendido con situaciones reales del sector productivo.<\/p>\n<\/li>\n<\/ul>\n<h5 data-start=\"1598\" data-end=\"1636\"><strong data-start=\"1601\" data-end=\"1636\">Perfil profesional del egresado<\/strong><\/h5>\n<p data-start=\"1638\" data-end=\"1708\">El T\u00e9cnico Superior en Mantenimiento Industrial estar\u00e1 preparado para:<\/p>\n<ul data-start=\"1710\" data-end=\"2362\">\n<li data-start=\"1710\" data-end=\"1796\">\n<p data-start=\"1712\" data-end=\"1796\">Desempe\u00f1arse en \u00e1reas de mantenimiento industrial de peque\u00f1as y medianas empresas.<\/p>\n<\/li>\n<li data-start=\"1797\" data-end=\"1892\">\n<p data-start=\"1799\" data-end=\"1892\">Planificar y ejecutar acciones b\u00e1sicas y de mediana complejidad en equipos e instalaciones.<\/p>\n<\/li>\n<li data-start=\"1893\" data-end=\"1995\">\n<p data-start=\"1895\" data-end=\"1995\">Realizar tareas de mantenimiento el\u00e9ctrico, mec\u00e1nico, neum\u00e1tico e hidr\u00e1ulico con criterio t\u00e9cnico.<\/p>\n<\/li>\n<li data-start=\"1996\" data-end=\"2097\">\n<p data-start=\"1998\" data-end=\"2097\">Aplicar m\u00e9todos de mantenimiento preventivo y predictivo seg\u00fan los recursos de cada organizaci\u00f3n.<\/p>\n<\/li>\n<li data-start=\"2098\" data-end=\"2188\">\n<p data-start=\"2100\" data-end=\"2188\">Integrar equipos de trabajo, comunicando informaci\u00f3n t\u00e9cnica de forma clara y precisa.<\/p>\n<\/li>\n<li data-start=\"2189\" data-end=\"2272\">\n<p data-start=\"2191\" data-end=\"2272\">Operar con responsabilidad, respetando normas de seguridad, calidad y ambiente.<\/p>\n<\/li>\n<li data-start=\"2273\" data-end=\"2362\">\n<p data-start=\"2275\" data-end=\"2362\">Contribuir a la mejora continua de los procesos desde una mirada t\u00e9cnica y actualizada.<br \/><\/p>\n<figure class=\"wp-block-image size-large\"><img decoding=\"async\" loading=\"lazy\" width=\"1900\" height=\"1019\" class=\"wp-image-2670 aligncenter\" src=\"https:\/\/isp21-sfe.infd.edu.ar\/sitio\/wp-content\/uploads\/2025\/12\/mant_industrial2-1900x1019.jpeg\" alt=\"\" srcset=\"https:\/\/isp21-sfe.infd.edu.ar\/sitio\/wp-content\/uploads\/2025\/12\/mant_industrial2-1900x1019.jpeg 1900w, https:\/\/isp21-sfe.infd.edu.ar\/sitio\/wp-content\/uploads\/2025\/12\/mant_industrial2-1000x536.jpeg 1000w, https:\/\/isp21-sfe.infd.edu.ar\/sitio\/wp-content\/uploads\/2025\/12\/mant_industrial2-768x412.jpeg 768w, https:\/\/isp21-sfe.infd.edu.ar\/sitio\/wp-content\/uploads\/2025\/12\/mant_industrial2-1536x824.jpeg 1536w, https:\/\/isp21-sfe.infd.edu.ar\/sitio\/wp-content\/uploads\/2025\/12\/mant_industrial2.jpeg 2023w\" sizes=\"(max-width: 1900px) 100vw, 1900px\" \/><\/figure>\n<p data-start=\"2275\" data-end=\"2362\"><\/p>\n<\/li>\n<\/ul>\n<p><strong data-start=\"2372\" data-end=\"2407\">\u00bfPor qu\u00e9 estudiar esta carrera?<\/strong><\/p>\n<ul data-start=\"2409\" data-end=\"3112\">\n<li data-start=\"2409\" data-end=\"2550\">\n<p data-start=\"2411\" data-end=\"2550\"><strong data-start=\"2411\" data-end=\"2437\">Alta demanda regional:<\/strong> muchas empresas necesitan personal t\u00e9cnico capacitado para asegurar el funcionamiento continuo de sus equipos.<\/p>\n<\/li>\n<li data-start=\"2551\" data-end=\"2695\">\n<p data-start=\"2553\" data-end=\"2695\"><strong data-start=\"2553\" data-end=\"2581\">Formaci\u00f3n pr\u00e1ctica real:<\/strong> la carrera integra talleres, laboratorios y pr\u00e1cticas profesionalizantes que preparan para el trabajo concreto.<\/p>\n<\/li>\n<li data-start=\"2696\" data-end=\"2836\">\n<p data-start=\"2698\" data-end=\"2836\"><strong data-start=\"2698\" data-end=\"2718\">Perfil vers\u00e1til:<\/strong> el mantenimiento industrial combina diversas \u00e1reas t\u00e9cnicas y abre posibilidades en distintos entornos productivos.<\/p>\n<\/li>\n<li data-start=\"2837\" data-end=\"3001\">\n<p data-start=\"2839\" data-end=\"3001\"><strong data-start=\"2839\" data-end=\"2870\">Oportunidad de crecimiento:<\/strong> el rol t\u00e9cnico es clave en procesos industriales, permitiendo desarrollos internos, especializaciones o emprendimientos propios.<\/p>\n<\/li>\n<li data-start=\"3002\" data-end=\"3112\">\n<p data-start=\"3004\" data-end=\"3112\"><strong data-start=\"3004\" data-end=\"3030\">Formaci\u00f3n actualizada:<\/strong> se abordan m\u00e9todos modernos de mantenimiento y tecnolog\u00edas aplicadas al sector.<\/p>\n<\/li>\n<\/ul>\n<h5><strong><br \/>+Informaci\u00f3n:<\/strong><\/h5>\n<p style=\"text-align: center;\"><a href=\"https:\/\/isp21-sfe.infd.edu.ar\/sitio\/wp-content\/uploads\/2024\/12\/plan-de-estudio-MI.pdf\">Plan de estudio<\/a><\/p>\n<p style=\"text-align: center;\"><a href=\"https:\/\/isp21-sfe.infd.edu.ar\/sitio\/wp-content\/uploads\/2018\/09\/DC-TS-en-Mantenimiento-Industrial-2015-01-04-15-2.pdf\">Dise\u00f1o Curricular<\/a><\/p>\n<p style=\"text-align: center;\"><a href=\"https:\/\/isp21-sfe.infd.edu.ar\/sitio\/wp-content\/uploads\/2024\/12\/correlatividades-TSMI.pdf\">Correlatividades<\/a><\/p>","protected":false},"excerpt":{"rendered":"<p>\u00a0 Form\u00e1 parte del coraz\u00f3n de los entornos productivos. Esta carrera te prepara para gestionar, planificar y ejecutar tareas de mantenimiento en m\u00e1quinas, equipos e instalaciones industriales, integrando conocimientos de mec\u00e1nica, electricidad, neum\u00e1tica, hidr\u00e1ulica y automatizaci\u00f3n. Desde el primer a\u00f1o, vas a trabajar en talleres y laboratorios, articulando teor\u00eda y pr\u00e1ctica, y desarrollando competencias t\u00e9cnicas &#8230; <a title=\"T\u00e9c. Superior en Mantenimiento Industrial\" class=\"read-more\" href=\"https:\/\/isp21-sfe.infd.edu.ar\/sitio\/tec-superior-en-mantenimiento-industrial\/\" aria-label=\"More on T\u00e9c. Superior en Mantenimiento Industrial\">[+]<\/a><\/p>\n","protected":false},"author":331,"featured_media":0,"parent":0,"menu_order":0,"comment_status":"closed","ping_status":"closed","template":"","meta":[],"acf":[],"_links":{"self":[{"href":"https:\/\/isp21-sfe.infd.edu.ar\/sitio\/wp-json\/wp\/v2\/pages\/879"}],"collection":[{"href":"https:\/\/isp21-sfe.infd.edu.ar\/sitio\/wp-json\/wp\/v2\/pages"}],"about":[{"href":"https:\/\/isp21-sfe.infd.edu.ar\/sitio\/wp-json\/wp\/v2\/types\/page"}],"author":[{"embeddable":true,"href":"https:\/\/isp21-sfe.infd.edu.ar\/sitio\/wp-json\/wp\/v2\/users\/331"}],"replies":[{"embeddable":true,"href":"https:\/\/isp21-sfe.infd.edu.ar\/sitio\/wp-json\/wp\/v2\/comments?post=879"}],"version-history":[{"count":9,"href":"https:\/\/isp21-sfe.infd.edu.ar\/sitio\/wp-json\/wp\/v2\/pages\/879\/revisions"}],"predecessor-version":[{"id":2671,"href":"https:\/\/isp21-sfe.infd.edu.ar\/sitio\/wp-json\/wp\/v2\/pages\/879\/revisions\/2671"}],"wp:attachment":[{"href":"https:\/\/isp21-sfe.infd.edu.ar\/sitio\/wp-json\/wp\/v2\/media?parent=879"}],"curies":[{"name":"wp","href":"https:\/\/api.w.org\/{rel}","templated":true}]}}