{"id":877,"date":"2018-07-02T19:30:33","date_gmt":"2018-07-02T22:30:33","guid":{"rendered":"https:\/\/isp21-sfe.infd.edu.ar\/sitio\/horarios-de-cursado\/"},"modified":"2025-04-29T19:44:21","modified_gmt":"2025-04-29T22:44:21","slug":"horarios-de-cursado","status":"publish","type":"page","link":"https:\/\/isp21-sfe.infd.edu.ar\/sitio\/horarios-de-cursado\/","title":{"rendered":"Horarios de Cursado 2025"},"content":{"rendered":"<p><a href=\"https:\/\/isp21-sfe.infd.edu.ar\/sitio\/wp-content\/uploads\/2025\/04\/HORARIO_2025_-_MATEMATICA_2.pdf\" target=\"_blank\" rel=\"noopener\">PROFESORADO EN MATEM\u00c1TICA<\/a><\/p>\n<p><a href=\"https:\/\/isp21-sfe.infd.edu.ar\/sitio\/wp-content\/uploads\/2025\/04\/HORARIO_2025_-_BIOLOGIA_2.pdf\" target=\"_blank\" rel=\"noopener\">PROFESORADO EN BIOLOG\u00cdA<\/a><\/p>\n<p><a href=\"https:\/\/isp21-sfe.infd.edu.ar\/sitio\/wp-content\/uploads\/2025\/04\/HORARIO-2025-HIGIENE-Y-SEGURIDAD.pdf\" target=\"_blank\" rel=\"noopener\">T\u00c9C. SUP. EN HIGIENE Y SEGURIDAD EN EL TRABAJO<\/a><\/p>\n<p><a href=\"https:\/\/isp21-sfe.infd.edu.ar\/sitio\/wp-content\/uploads\/2025\/04\/HORARIO_2025_-_SOFTWARE_2.pdf\" target=\"_blank\" rel=\"noopener\">T\u00c9C. SUP. EN DESARROLLO DE SOFTWARE<\/a><\/p>\n<p><a href=\"https:\/\/isp21-sfe.infd.edu.ar\/sitio\/wp-content\/uploads\/2025\/04\/HORARIO_2025_-_MANT._INDUSTRIAL_2.pdf\" target=\"_blank\" rel=\"noopener\">T\u00c9C. SUP. EN MANTENIMIENTO INDUSTRIAL<\/a><\/p>\n","protected":false},"excerpt":{"rendered":"<p>PROFESORADO EN MATEM\u00c1TICA PROFESORADO EN BIOLOG\u00cdA T\u00c9C. SUP. EN HIGIENE Y SEGURIDAD EN EL TRABAJO T\u00c9C. SUP. EN DESARROLLO DE SOFTWARE T\u00c9C. SUP. EN MANTENIMIENTO INDUSTRIAL<\/p>\n","protected":false},"author":331,"featured_media":0,"parent":0,"menu_order":0,"comment_status":"closed","ping_status":"closed","template":"","meta":[],"acf":[],"_links":{"self":[{"href":"https:\/\/isp21-sfe.infd.edu.ar\/sitio\/wp-json\/wp\/v2\/pages\/877"}],"collection":[{"href":"https:\/\/isp21-sfe.infd.edu.ar\/sitio\/wp-json\/wp\/v2\/pages"}],"about":[{"href":"https:\/\/isp21-sfe.infd.edu.ar\/sitio\/wp-json\/wp\/v2\/types\/page"}],"author":[{"embeddable":true,"href":"https:\/\/isp21-sfe.infd.edu.ar\/sitio\/wp-json\/wp\/v2\/users\/331"}],"replies":[{"embeddable":true,"href":"https:\/\/isp21-sfe.infd.edu.ar\/sitio\/wp-json\/wp\/v2\/comments?post=877"}],"version-history":[{"count":16,"href":"https:\/\/isp21-sfe.infd.edu.ar\/sitio\/wp-json\/wp\/v2\/pages\/877\/revisions"}],"predecessor-version":[{"id":2528,"href":"https:\/\/isp21-sfe.infd.edu.ar\/sitio\/wp-json\/wp\/v2\/pages\/877\/revisions\/2528"}],"wp:attachment":[{"href":"https:\/\/isp21-sfe.infd.edu.ar\/sitio\/wp-json\/wp\/v2\/media?parent=877"}],"curies":[{"name":"wp","href":"https:\/\/api.w.org\/{rel}","templated":true}]}}