{"id":860,"date":"2018-07-02T19:30:26","date_gmt":"2018-07-02T22:30:26","guid":{"rendered":"https:\/\/isp21-sfe.infd.edu.ar\/sitio\/condiciones-de-cursado\/"},"modified":"2024-09-18T10:50:35","modified_gmt":"2024-09-18T13:50:35","slug":"condiciones-de-cursado","status":"publish","type":"page","link":"https:\/\/isp21-sfe.infd.edu.ar\/sitio\/condiciones-de-cursado\/","title":{"rendered":"Condiciones de Cursado"},"content":{"rendered":"\n<p><a href=\"https:\/\/isp21-sfe.infd.edu.ar\/sitio\/wp-content\/uploads\/2019\/04\/condiciones-de-cursado.pdf\" target=\"_blank\" rel=\"noreferrer noopener\">Haz clic aqu\u00ed para descargar<\/a><\/p>\n\n\n\n<figure class=\"wp-block-table alignleft\"><table><tbody><tr><td class=\"has-text-align-left\" data-align=\"left\">MATERIA<br>Presencial<br>Semi presencial<br>Libre<\/td><td>SEMINARIO<br>Presencial<br>Semi presencial<\/td><td>TALLER<br>COMUN<br>Presencial<\/td><td>TALLER DE<br>PRACTICA<br>Presencia<\/td><\/tr><tr><td class=\"has-text-align-left\" data-align=\"left\">Promoci\u00f3n<br>Directa<br>1.- 75% asistencia<br>\u00f3 50% con certif.<br>de salud \u00f3 trabajo.<br>2.- 100% TP<br>aprobados.<br>3.- 2 parciales<br>como m\u00ednimo con<br>promedio 8 \u00f3 m\u00e1s<br>4.- Instancia final<br>integradora con<br>nota 8 \u00f3 m\u00e1s.<br>Observaci\u00f3n:<br>todas estas<br>condiciones se<br>tienen que dar.<br>** Si el alumno<br>tuviera un<br>recuperatorio no<br>tiene derecho a la<br>promoci\u00f3n directa.<\/td><td>1.- 75% asistencia \u00f3<br>50% con certif. de<br>salud \u00f3 trabajo<br>(presencial)<br>40% asistencia (semi)<br>2.- Presentaci\u00f3n<br>trabajo final de<br>escritura<br>acad\u00e9mica(monograf\u00eda,<br>ensayo, proyecto, etc)<br>con su correspondiente<br>defensa oral.<br><br><strong>Si saca 6 regulariza<br>Si saca 7 promociona<\/strong><\/td><td>1.- 75% asistencia \u00f3<br>50% con certif. de<br>salud \u00f3 trabajo<br>2.- Aprobar 100% de<br>las instancias de<br>evaluaci\u00f3n previstas<br>por el docente \u00f3 sus<br>respectivos<br>recuperatorios (1 por<br>instancia)<br>3.-Aprobar una<br>instancia final<br>integradora.<br><br><strong>Si saca 6 regulariza<br><br>Si saca 7  promociona<\/strong><\/td><td>1.- 75% asistencia \u00f3<br>50% con certif. de<br>salud \u00f3 trabajo.<br>2.- Aprobar 100% de<br>las instancias de<br>evaluaci\u00f3n previstas<br>por el docente \u00f3 sus<br>respectivos<br>recuperatorios (1 por<br>instancia)<br>3.- Aprobar una<br>instancia final de <br>integraci\u00f3n<br><br><strong>Si saca 8 \u00f3 m\u00e1s<br>promociona<br>Si saca 6 \u00f3 7<br>regulariza y rinde<br>en 2 turnos  <\/strong><br><strong>consecutivos.<\/strong><\/td><\/tr><tr><td class=\"has-text-align-left\" data-align=\"left\"><strong>Regulariza<\/strong><br><br>1.- 75% asistencia<br>\u00f3 50% con certif.<br>de salud \u00f3 trabajo<br>(presencial)<br>40% asistencia<br>(semi)<br>2.- 75% TP<br>aprobados<br>3.- 2 parciales<br>como m\u00ednimo con<br>nota 6 \u00f3 m\u00e1s \u00f3 1<br>recuperatorio por<br>parcial con 6 \u00f3 m\u00e1s<br><br><strong>Obs:<\/strong> de no<br>cumplir alguna<br>condici\u00f3n no<br>regulariza y<br>recursa.<\/td><td>El alumno que no<br>promocione los<br>Seminarios tendr\u00e1 un<br>a\u00f1o para poder<br>rendirlos, a partir del<br>primer turno de<br>examen siguiente a la<br>finalizaci\u00f3n del<br>cursado, (o sea turnos<br>noviembre\/diciembre,<br>febrero\/marzo,<br>julio\/agosto y<br>noviembre \/diciembre.<\/td><td>El alumno que no<br>promocione los<br>Talleres podr\u00e1<br>presentarse hasta dos<br>turnos consecutivos<br>posteriores a la<br>finalizaci\u00f3n del<br>cursado, (o sea<br>turnos<br>noviembre\/diciembre<br>y febrero\/marzo), de<br>lo contrario deber\u00e1<br>recursar ese espacio.<\/td><td>El alumno que no<br>promocione los<br>Talleres podr\u00e1<br>presentarse hasta dos<br>turnos consecutivos<br>posteriores a la<br>finalizaci\u00f3n del<br>cursado, (o sea<br>turnos<br>noviembre\/diciembre<br>y febrero\/marzo), de<br>lo contrario deber\u00e1<br>recursar ese espacio<\/td><\/tr><\/tbody><\/table><\/figure>\n","protected":false},"excerpt":{"rendered":"<p>Haz clic aqu\u00ed para descargar MATERIAPresencialSemi presencialLibre SEMINARIOPresencialSemi presencial TALLERCOMUNPresencial TALLER DEPRACTICAPresencia Promoci\u00f3nDirecta1.- 75% asistencia\u00f3 50% con certif.de salud \u00f3 trabajo.2.- 100% TPaprobados.3.- 2 parcialescomo m\u00ednimo conpromedio 8 \u00f3 m\u00e1s4.- Instancia finalintegradora connota 8 \u00f3 m\u00e1s.Observaci\u00f3n:todas estascondiciones setienen que dar.** Si el alumnotuviera unrecuperatorio notiene derecho a lapromoci\u00f3n directa. 1.- 75% asistencia \u00f350% con certif. &#8230; <a title=\"Condiciones de Cursado\" class=\"read-more\" href=\"https:\/\/isp21-sfe.infd.edu.ar\/sitio\/condiciones-de-cursado\/\" aria-label=\"More on Condiciones de Cursado\">[+]<\/a><\/p>\n","protected":false},"author":331,"featured_media":0,"parent":0,"menu_order":0,"comment_status":"closed","ping_status":"closed","template":"","meta":[],"acf":[],"_links":{"self":[{"href":"https:\/\/isp21-sfe.infd.edu.ar\/sitio\/wp-json\/wp\/v2\/pages\/860"}],"collection":[{"href":"https:\/\/isp21-sfe.infd.edu.ar\/sitio\/wp-json\/wp\/v2\/pages"}],"about":[{"href":"https:\/\/isp21-sfe.infd.edu.ar\/sitio\/wp-json\/wp\/v2\/types\/page"}],"author":[{"embeddable":true,"href":"https:\/\/isp21-sfe.infd.edu.ar\/sitio\/wp-json\/wp\/v2\/users\/331"}],"replies":[{"embeddable":true,"href":"https:\/\/isp21-sfe.infd.edu.ar\/sitio\/wp-json\/wp\/v2\/comments?post=860"}],"version-history":[{"count":7,"href":"https:\/\/isp21-sfe.infd.edu.ar\/sitio\/wp-json\/wp\/v2\/pages\/860\/revisions"}],"predecessor-version":[{"id":2290,"href":"https:\/\/isp21-sfe.infd.edu.ar\/sitio\/wp-json\/wp\/v2\/pages\/860\/revisions\/2290"}],"wp:attachment":[{"href":"https:\/\/isp21-sfe.infd.edu.ar\/sitio\/wp-json\/wp\/v2\/media?parent=860"}],"curies":[{"name":"wp","href":"https:\/\/api.w.org\/{rel}","templated":true}]}}