{"id":840,"date":"2018-07-02T19:30:20","date_gmt":"2018-07-02T22:30:20","guid":{"rendered":"https:\/\/isp21-sfe.infd.edu.ar\/sitio\/ingreso-2018\/"},"modified":"2026-03-13T10:49:17","modified_gmt":"2026-03-13T13:49:17","slug":"ingreso","status":"publish","type":"page","link":"https:\/\/isp21-sfe.infd.edu.ar\/sitio\/ingreso\/","title":{"rendered":"Ingreso 2026"},"content":{"rendered":"<blockquote>\n<p style=\"text-align: center;\"><strong><span style=\"color: #0000ff;\"><img decoding=\"async\" loading=\"lazy\" class=\" wp-image-2408 alignleft\" src=\"https:\/\/isp21-sfe.infd.edu.ar\/sitio\/wp-content\/uploads\/2024\/12\/logogif.gif\" alt=\"\" width=\"257\" height=\"257\" \/><\/span><\/strong><\/p>\n<p style=\"text-align: center;\"><strong><span style=\"color: #ff0000;\">\u00a1\u00a1\u00a1Preinscripci\u00f3n Finalizada para este ciclo lectivo!!!<\/span><\/strong><\/p>\n<p style=\"text-align: center;\"><strong><span style=\"color: #0000ff;\">Preinscripci\u00f3n a 1er. a\u00f1o de todas las carreras ciclo lectivo 2026<\/span><\/strong><\/p>\n<\/blockquote>\n<h4><strong>\u00a0La preinscripci\u00f3n se realiza a trav\u00e9s de formularios web que estar\u00e1n activos m\u00e1s abajo en esta misma secci\u00f3n desde el 17 de noviembre.<br \/><\/strong><\/h4>\n<p>Luego de realizada la preinscripci\u00f3n, ser\u00e1n citados con un turno durante el mes de diciembre, febrero y marzo para presentarse a la secretar\u00eda del Instituto para entregar la documentaci\u00f3n requerida.<\/p>\n<p><strong>Es importante contar con TODA la documentaci\u00f3n al momento de la Inscripci\u00f3n, caso contrario no ser\u00e1 aceptada.<\/strong><\/p>\n<p>La citaci\u00f3n llegar\u00e1 v\u00eda correo electr\u00f3nico a la direcci\u00f3n de mail que declararon en el formulario de preinscripci\u00f3n, as\u00ed que VERIFICAR bien ese dato al momento de completarlo. Se recomienda luego, revisar peri\u00f3dicamente carpetas de SPAM o NO DESEADOS por las dudas que el aviso ingrese por all\u00ed.<\/p>\n<p>Tener en cuenta que el ingreso en todas las carreras, en caso de que supere cierta cantidad de inscriptos, se realizar\u00e1 por SORTEO como lo exige el Ministerio de Educaci\u00f3n de la provincia de Santa Fe, luego del cierre de la preinscripci\u00f3n.\u00a0 Las fechas de cierre, as\u00ed como las del sorteo, y los resultados del mismo se publicar\u00e1n siempre en nuestra web en la secci\u00f3n NOVEDADES DEL INSTITUTO.<\/p>\n<p>Utilice unos de los siguientes formularios para realizar la <em><strong>preinscripci\u00f3n<\/strong><\/em> a 1er. a\u00f1o ciclo lectivo 2026.<\/p>\n<p><a href=\"https:\/\/docs.google.com\/forms\/d\/e\/1FAIpQLSfRSJw1oBgie09-7FdgnkoaFFkOi_VGfscy4LYIvyYQ5yhLeQ\/viewform?usp=sf_link\" target=\"_blank\" rel=\"noopener\">Profesorado en Biolog\u00eda<\/a><\/p>\n<p><a href=\"https:\/\/docs.google.com\/forms\/d\/e\/1FAIpQLSdaONwAkF4N1JI9Q7YUyzomoB-cTWN1hVboXxYCCuUqaltd9Q\/viewform?usp=sf_link\" target=\"_blank\" rel=\"noopener\">Profesorado en Matem\u00e1tica<\/a><\/p>\n<p><a href=\"https:\/\/docs.google.com\/forms\/d\/e\/1FAIpQLSda1HLtmYW1oJnllDW0Q9rymJ5DVKF--HBWXQXDxneW2bb_NQ\/viewform?usp=sf_link\" target=\"_blank\" rel=\"noopener\">T\u00e9cnico Superior en Higiene y Seguridad en el Trabajo<\/a><\/p>\n<p><a href=\"https:\/\/docs.google.com\/forms\/d\/e\/1FAIpQLSc0Nl6JNUar8csDKGIwKUjO6TO_YcBkOs9U-LgnWvyGxIjCQA\/viewform?usp=sf_link\" target=\"_blank\" rel=\"noopener\">T\u00e9cnico Superior en Desarrollo de Software<\/a><\/p>\n<p><a href=\"https:\/\/docs.google.com\/forms\/d\/e\/1FAIpQLSdjitLitZaEBjeSTH_u4wtRNEn3crc-pw0vz6-2PM7Yig0EWA\/viewform?usp=sf_link\" target=\"_blank\" rel=\"noopener\">T\u00e9cnico Superior en Mantenimiento Industrial<\/a><\/p>\n<p><strong>La inscripci\u00f3n definitiva se concretar\u00e1 con la entrega de la documentaci\u00f3n requerida.<\/strong><\/p>\n<p><strong> Ser\u00e1n citados (en un turno con d\u00eda y hora) a trav\u00e9s del mail de contacto que dejan en el formulario, para entregar la siguiente documentaci\u00f3n:<\/strong><\/p>\n<p>&#8211;\u00a0 \u00a0 \u00a0P\u00e1gina 1 y 2 del <a title=\"solicitud de inscripcion\" href=\"upload\/SolicitudInscripcionSNU.pdf\" target=\"_blank\" rel=\"noopener\"><strong><em>Formulario de Inscripci\u00f3n (Clic aqu\u00ed para descargarlo)<\/em><\/strong><\/a>, \u00ab<em><span style=\"color: #000000;\"><strong>imprimir solo las<\/strong> <strong>p\u00e1ginas 1 y 2&#8243;<\/strong><\/span><\/em>, y completarlas<\/p>\n<p>&#8211;\u00a0\u00a0\u00a0\u00a0\u00a0\u00a0 Certificado anal\u00edtico de estudio o constancia provisoria<\/p>\n<p>&#8211;\u00a0\u00a0\u00a0\u00a0\u00a0\u00a0 2 fotos tipo carnet<\/p>\n<p>&#8211;\u00a0\u00a0\u00a0\u00a0\u00a0\u00a0 Fotocopia de Partida de nacimiento<\/p>\n<p>&#8211;\u00a0\u00a0\u00a0\u00a0\u00a0\u00a0 Fotocopia de Documento de identidad (Anverso y Reverso)<\/p>\n<p>&#8211;\u00a0\u00a0\u00a0\u00a0\u00a0\u00a0 Certificado de Salud de Hospital o SAMCO (o entidad privada con estampillado).<\/p>\n<p><a href=\"https:\/\/isp21-sfe.infd.edu.ar\/sitio\/contacto\/\" target=\"_blank\" rel=\"noopener\"><em><strong>Consultas o Inquietudes acerca de la Inscripci\u00f3n.<\/strong><\/em><\/a><\/p>\n\n\n<p><\/p>\n","protected":false},"excerpt":{"rendered":"<p>\u00a1\u00a1\u00a1Preinscripci\u00f3n Finalizada para este ciclo lectivo!!! Preinscripci\u00f3n a 1er. a\u00f1o de todas las carreras ciclo lectivo 2026 \u00a0La preinscripci\u00f3n se realiza a trav\u00e9s de formularios web que estar\u00e1n activos m\u00e1s abajo en esta misma secci\u00f3n desde el 17 de noviembre. Luego de realizada la preinscripci\u00f3n, ser\u00e1n citados con un turno durante el mes de diciembre, &#8230; <a title=\"Ingreso 2026\" class=\"read-more\" href=\"https:\/\/isp21-sfe.infd.edu.ar\/sitio\/ingreso\/\" aria-label=\"More on Ingreso 2026\">[+]<\/a><\/p>\n","protected":false},"author":331,"featured_media":0,"parent":0,"menu_order":0,"comment_status":"closed","ping_status":"closed","template":"","meta":[],"acf":[],"_links":{"self":[{"href":"https:\/\/isp21-sfe.infd.edu.ar\/sitio\/wp-json\/wp\/v2\/pages\/840"}],"collection":[{"href":"https:\/\/isp21-sfe.infd.edu.ar\/sitio\/wp-json\/wp\/v2\/pages"}],"about":[{"href":"https:\/\/isp21-sfe.infd.edu.ar\/sitio\/wp-json\/wp\/v2\/types\/page"}],"author":[{"embeddable":true,"href":"https:\/\/isp21-sfe.infd.edu.ar\/sitio\/wp-json\/wp\/v2\/users\/331"}],"replies":[{"embeddable":true,"href":"https:\/\/isp21-sfe.infd.edu.ar\/sitio\/wp-json\/wp\/v2\/comments?post=840"}],"version-history":[{"count":48,"href":"https:\/\/isp21-sfe.infd.edu.ar\/sitio\/wp-json\/wp\/v2\/pages\/840\/revisions"}],"predecessor-version":[{"id":2701,"href":"https:\/\/isp21-sfe.infd.edu.ar\/sitio\/wp-json\/wp\/v2\/pages\/840\/revisions\/2701"}],"wp:attachment":[{"href":"https:\/\/isp21-sfe.infd.edu.ar\/sitio\/wp-json\/wp\/v2\/media?parent=840"}],"curies":[{"name":"wp","href":"https:\/\/api.w.org\/{rel}","templated":true}]}}