{"id":286,"date":"2016-10-31T13:17:59","date_gmt":"2016-10-31T16:17:59","guid":{"rendered":"https:\/\/isp21-sfe.infd.edu.ar\/sitio\/?page_id=286"},"modified":"2026-03-11T14:23:31","modified_gmt":"2026-03-11T17:23:31","slug":"inicio","status":"publish","type":"page","link":"https:\/\/isp21-sfe.infd.edu.ar\/sitio\/","title":{"rendered":"Inicio"},"content":{"rendered":"<p style=\"text-align: center;\"><strong>Novedades del Instituto<\/strong><\/p>\n<style>.wp-show-posts-columns#wpsp-383 {margin-left: -2em; }.wp-show-posts-columns#wpsp-383 .wp-show-posts-inner {margin: 0 0 2em 2em; }<\/style><section id=\"wpsp-383\" class=\" wp-show-posts-columns wp-show-posts\" style=\"\"><article class=\" wp-show-posts-single post-2686 post type-post status-publish format-standard hentry category-alumnos category-noticias wpsp-col-4\" itemtype=\"http:\/\/schema.org\/CreativeWork\" itemscope><div class=\"wp-show-posts-inner\" style=\"\">\t\t\t\t\t\t<header class=\"wp-show-posts-entry-header\">\n\t\t\t\t\t\t\t<h5 class=\"wp-show-posts-entry-title\" itemprop=\"headline\"><a href=\"https:\/\/isp21-sfe.infd.edu.ar\/sitio\/inscripcion-a-cursos-superiores-5\/\" rel=\"bookmark\">Inscripci\u00f3n a Cursos Superiores<\/a><\/h5><div class=\"wp-show-posts-entry-meta wp-show-posts-entry-meta-below-title post-meta-inline\"><span class=\"wp-show-posts-posted-on wp-show-posts-meta\">\n\t\t\t\t\t<a href=\"https:\/\/isp21-sfe.infd.edu.ar\/sitio\/inscripcion-a-cursos-superiores-5\/\" title=\"11:12 am\" rel=\"bookmark\"><time class=\"wp-show-posts-entry-date published\" datetime=\"2026-02-28T11:12:00-03:00\" itemprop=\"datePublished\">28 febrero, 2026<\/time><time class=\"wp-show-posts-updated\" datetime=\"2026-02-28T11:12:03-03:00\" itemprop=\"dateModified\">28 febrero, 2026<\/time><\/a>\n\t\t\t\t<\/span><\/div>\t\t\t\t\t\t<\/header><!-- .entry-header -->\n\t\t\t\t\t\t\t\t\t\t\t<div class=\"wp-show-posts-entry-summary\" itemprop=\"text\">\n\t\t\t\t\t\t\t<p>Desde el lunes 2 y hasta el viernes 13 de marzo, se encuentran habilitados los formularios para inscribirse a las unidades curriculares de 2do.a 4to. a\u00f1o para las carreras docentes,&#8230;<\/p>\n\t\t\t\t\t\t<\/div><!-- .entry-summary -->\n\t\t\t\t\t<\/div><!-- wp-show-posts-inner --><\/article><article class=\" wp-show-posts-single post-2681 post type-post status-publish format-standard hentry category-alumnos category-examenes wpsp-col-4\" itemtype=\"http:\/\/schema.org\/CreativeWork\" itemscope><div class=\"wp-show-posts-inner\" style=\"\">\t\t\t\t\t\t<header class=\"wp-show-posts-entry-header\">\n\t\t\t\t\t\t\t<h5 class=\"wp-show-posts-entry-title\" itemprop=\"headline\"><a href=\"https:\/\/isp21-sfe.infd.edu.ar\/sitio\/inscripcion-a-examenes-febrero-marzo-2026\/\" rel=\"bookmark\">Inscripci\u00f3n a Ex\u00e1menes Febrero Marzo 2026<\/a><\/h5><div class=\"wp-show-posts-entry-meta wp-show-posts-entry-meta-below-title post-meta-inline\"><span class=\"wp-show-posts-posted-on wp-show-posts-meta\">\n\t\t\t\t\t<a href=\"https:\/\/isp21-sfe.infd.edu.ar\/sitio\/inscripcion-a-examenes-febrero-marzo-2026\/\" title=\"7:51 am\" rel=\"bookmark\"><time class=\"wp-show-posts-entry-date published\" datetime=\"2026-01-20T07:51:00-03:00\" itemprop=\"datePublished\">20 enero, 2026<\/time><time class=\"wp-show-posts-updated\" datetime=\"2026-01-09T17:02:56-03:00\" itemprop=\"dateModified\">9 enero, 2026<\/time><\/a>\n\t\t\t\t<\/span><\/div>\t\t\t\t\t\t<\/header><!-- .entry-header -->\n\t\t\t\t\t\t\t\t\t\t\t<div class=\"wp-show-posts-entry-summary\" itemprop=\"text\">\n\t\t\t\t\t\t\t<p>A partir del 01\/02\/26 y hasta el 08\/02\/26 Se encuentra abierta la inscripci\u00f3n a ex\u00e1menes finales del per\u00edodo Febrero \/ marzo 2026. La inscripci\u00f3n se debe hacer \u00fanicamente por formularios&#8230;<\/p>\n\t\t\t\t\t\t<\/div><!-- .entry-summary -->\n\t\t\t\t\t<\/div><!-- wp-show-posts-inner --><\/article><article class=\" wp-show-posts-single post-2592 post type-post status-publish format-standard hentry category-alumnos category-noticias category-sin-categoria wpsp-col-4\" itemtype=\"http:\/\/schema.org\/CreativeWork\" itemscope><div class=\"wp-show-posts-inner\" style=\"\">\t\t\t\t\t\t<header class=\"wp-show-posts-entry-header\">\n\t\t\t\t\t\t\t<h5 class=\"wp-show-posts-entry-title\" itemprop=\"headline\"><a href=\"https:\/\/isp21-sfe.infd.edu.ar\/sitio\/abierta-la-preinscripcion-a-1er-ano-de-todas-las-carreras-4\/\" rel=\"bookmark\">Abierta la preinscripci\u00f3n a 1er. a\u00f1o de todas las carreras<\/a><\/h5><div class=\"wp-show-posts-entry-meta wp-show-posts-entry-meta-below-title post-meta-inline\"><span class=\"wp-show-posts-posted-on wp-show-posts-meta\">\n\t\t\t\t\t<a href=\"https:\/\/isp21-sfe.infd.edu.ar\/sitio\/abierta-la-preinscripcion-a-1er-ano-de-todas-las-carreras-4\/\" title=\"8:57 am\" rel=\"bookmark\"><time class=\"wp-show-posts-entry-date published\" datetime=\"2025-11-17T08:57:43-03:00\" itemprop=\"datePublished\">17 noviembre, 2025<\/time><time class=\"wp-show-posts-updated\" datetime=\"2025-11-17T09:03:41-03:00\" itemprop=\"dateModified\">17 noviembre, 2025<\/time><\/a>\n\t\t\t\t<\/span><\/div>\t\t\t\t\t\t<\/header><!-- .entry-header -->\n\t\t\t\t\t\t\t\t\t\t\t<div class=\"wp-show-posts-entry-summary\" itemprop=\"text\">\n\t\t\t\t\t\t\t<p>Se encuentra abierta la preinscripci\u00f3n a 1er. a\u00f1o de todas las carreras. Para ello, debes ingresar en la secci\u00f3n ESTUDIANTES, opci\u00f3n INGRESO 2026, y seguir los pasos que se indican&#8230;<\/p>\n\t\t\t\t\t\t<\/div><!-- .entry-summary -->\n\t\t\t\t\t<\/div><!-- wp-show-posts-inner --><\/article><div class=\"wpsp-clear\"><\/div><\/section><!-- .wp-show-posts --><div class=\"wpsp-load-more\"><span aria-current=\"page\" class=\"page-numbers current\">1<\/span>\n<a class=\"page-numbers\" href=\"https:\/\/isp21-sfe.infd.edu.ar\/sitio\/wp-json\/wp\/v2\/pages\/286\/page\/2\/\">2<\/a>\n<span class=\"page-numbers dots\">&hellip;<\/span>\n<a class=\"page-numbers\" href=\"https:\/\/isp21-sfe.infd.edu.ar\/sitio\/wp-json\/wp\/v2\/pages\/286\/page\/38\/\">38<\/a>\n<a class=\"next page-numbers\" href=\"https:\/\/isp21-sfe.infd.edu.ar\/sitio\/wp-json\/wp\/v2\/pages\/286\/page\/2\/\">Siguiente &rarr;<\/a><\/div>\n<h5>\u00a0<\/h5>\n<h4 style=\"text-align: center;\">\u2003<div id=\"metaslider-id-1592\" style=\"width: 100%; margin: 0 auto;\" class=\"ml-slider-3-33-0 metaslider metaslider-flex metaslider-1592 ml-slider ms-theme-bubble has-carousel-mode has-dots-nav\" role=\"region\" aria-roledescription=\"Slideshow\" aria-label=\"Slideshow\">\n    <div id=\"metaslider_container_1592\">\n        <div id=\"metaslider_1592\" class=\"flexslider\">\n            <ul aria-live=\"polite\" class=\"slides\">\n                <li style=\"display: none; width: 100%;\" class=\"slide-1600 ms-image\" aria-roledescription=\"slide\" aria-label=\"slide-1600\"><img src=\"https:\/\/isp21-sfe.infd.edu.ar\/sitio\/wp-content\/uploads\/2023\/12\/1-1000x1300.jpg\" height=\"1300\" width=\"1000\" alt=\"\" class=\"slider-1592 slide-1600\" title=\"1\" \/><\/li>\n                <li style=\"display: none; width: 100%;\" class=\"slide-1602 ms-image\" aria-roledescription=\"slide\" aria-label=\"slide-1602\"><img src=\"https:\/\/isp21-sfe.infd.edu.ar\/sitio\/wp-content\/uploads\/2023\/12\/2-1000x1300.jpg\" height=\"1300\" width=\"1000\" alt=\"\" class=\"slider-1592 slide-1602\" title=\"2\" \/><\/li>\n                <li style=\"display: none; width: 100%;\" class=\"slide-1603 ms-image\" aria-roledescription=\"slide\" aria-label=\"slide-1603\"><img src=\"https:\/\/isp21-sfe.infd.edu.ar\/sitio\/wp-content\/uploads\/2023\/12\/3-1000x1300.jpg\" height=\"1300\" width=\"1000\" alt=\"\" class=\"slider-1592 slide-1603\" title=\"3\" \/><\/li>\n                <li style=\"display: none; width: 100%;\" class=\"slide-1604 ms-image\" aria-roledescription=\"slide\" aria-label=\"slide-1604\"><img src=\"https:\/\/isp21-sfe.infd.edu.ar\/sitio\/wp-content\/uploads\/2023\/12\/4-1000x1300.jpg\" height=\"1300\" width=\"1000\" alt=\"\" class=\"slider-1592 slide-1604\" title=\"4\" \/><\/li>\n                <li style=\"display: none; width: 100%;\" class=\"slide-1605 ms-image\" aria-roledescription=\"slide\" aria-label=\"slide-1605\"><img src=\"https:\/\/isp21-sfe.infd.edu.ar\/sitio\/wp-content\/uploads\/2023\/12\/5-1000x1300.jpg\" height=\"1300\" width=\"1000\" alt=\"\" class=\"slider-1592 slide-1605\" title=\"5\" \/><\/li>\n            <\/ul>\n        <\/div>\n        \n    <\/div>\n<\/div><\/h4>\n<div id=\"extensionInstalled\" style=\"display: none;\"><\/div>\n","protected":false},"excerpt":{"rendered":"<p>Novedades del Instituto \u00a0 \u2003<\/p>\n","protected":false},"author":1,"featured_media":0,"parent":0,"menu_order":0,"comment_status":"closed","ping_status":"closed","template":"","meta":[],"acf":[],"_links":{"self":[{"href":"https:\/\/isp21-sfe.infd.edu.ar\/sitio\/wp-json\/wp\/v2\/pages\/286"}],"collection":[{"href":"https:\/\/isp21-sfe.infd.edu.ar\/sitio\/wp-json\/wp\/v2\/pages"}],"about":[{"href":"https:\/\/isp21-sfe.infd.edu.ar\/sitio\/wp-json\/wp\/v2\/types\/page"}],"author":[{"embeddable":true,"href":"https:\/\/isp21-sfe.infd.edu.ar\/sitio\/wp-json\/wp\/v2\/users\/1"}],"replies":[{"embeddable":true,"href":"https:\/\/isp21-sfe.infd.edu.ar\/sitio\/wp-json\/wp\/v2\/comments?post=286"}],"version-history":[{"count":200,"href":"https:\/\/isp21-sfe.infd.edu.ar\/sitio\/wp-json\/wp\/v2\/pages\/286\/revisions"}],"predecessor-version":[{"id":2699,"href":"https:\/\/isp21-sfe.infd.edu.ar\/sitio\/wp-json\/wp\/v2\/pages\/286\/revisions\/2699"}],"wp:attachment":[{"href":"https:\/\/isp21-sfe.infd.edu.ar\/sitio\/wp-json\/wp\/v2\/media?parent=286"}],"curies":[{"name":"wp","href":"https:\/\/api.w.org\/{rel}","templated":true}]}}