{"id":1424,"date":"2020-03-17T09:13:18","date_gmt":"2020-03-17T12:13:18","guid":{"rendered":"https:\/\/isp21-sfe.infd.edu.ar\/sitio\/?page_id=1424"},"modified":"2022-03-23T09:32:49","modified_gmt":"2022-03-23T12:32:49","slug":"inscripcion-a-cursos-superiores","status":"publish","type":"page","link":"https:\/\/isp21-sfe.infd.edu.ar\/sitio\/inscripcion-a-cursos-superiores\/","title":{"rendered":"Inscripci\u00f3n a Cursos Superiores"},"content":{"rendered":"<p>Complet\u00e1 el formulario correspondiente para inscribirte a materias de cursos superiores que vas a cursar en este ciclo lectivo. (completar el formulario solo una vez)\u00a0 \u00a0Habilitados hasta el 25\/03\/22<\/p>\n<p><a href=\"https:\/\/docs.google.com\/forms\/d\/e\/1FAIpQLSeHrnxwZ9uIJqLwI6jfY2bT5Jpe6QCGBD9lEUFE_ron9mejpg\/viewform\" target=\"_blank\" rel=\"noopener\">Profesorado En Biolog\u00eda<\/a><\/p>\n<p><a href=\"https:\/\/docs.google.com\/forms\/d\/e\/1FAIpQLSeSn3GXp1Xd5kyZOyz-1PJ8stMTwSWLSuJpAk98b1vLYKWC8A\/viewform\" target=\"_blank\" rel=\"noopener\">Profesorado en Matem\u00e1tica<\/a><\/p>\n<p><a href=\"https:\/\/docs.google.com\/forms\/d\/e\/1FAIpQLSda8v6r8seXbYhyvIDkuyCAQnT1qD8TjtGvzdnKnizuFGVt8g\/viewform\" target=\"_blank\" rel=\"noopener\">T\u00e9cnico Superior en Desarrollo de Software<\/a><\/p>\n<p>T<a href=\"https:\/\/docs.google.com\/forms\/d\/e\/1FAIpQLSc5ZQgHfpS21roF9fMsQ3kuIdFNwNbTxIxpjKLpB1a4Rdpw2w\/viewform\" target=\"_blank\" rel=\"noopener\">\u00e9cnico Superior en Higiene y Seguridad en el Trabajo<\/a><\/p>\n<p><a href=\"https:\/\/docs.google.com\/forms\/d\/e\/1FAIpQLSd9OXRl2poXi-jUekUwkj7BAiGzjeWMiHEuPVVSTsIPTtbA9w\/viewform\" target=\"_blank\" rel=\"noopener\">T\u00e9cnico Superior en Mantenimiento Industrial<\/a><\/p>\n","protected":false},"excerpt":{"rendered":"<p>Complet\u00e1 el formulario correspondiente para inscribirte a materias de cursos superiores que vas a cursar en este ciclo lectivo. (completar el formulario solo una vez)\u00a0 \u00a0Habilitados hasta el 25\/03\/22 Profesorado En Biolog\u00eda Profesorado en Matem\u00e1tica T\u00e9cnico Superior en Desarrollo de Software T\u00e9cnico Superior en Higiene y Seguridad en el Trabajo T\u00e9cnico Superior en Mantenimiento Industrial<\/p>\n","protected":false},"author":331,"featured_media":0,"parent":0,"menu_order":0,"comment_status":"closed","ping_status":"closed","template":"","meta":[],"acf":[],"_links":{"self":[{"href":"https:\/\/isp21-sfe.infd.edu.ar\/sitio\/wp-json\/wp\/v2\/pages\/1424"}],"collection":[{"href":"https:\/\/isp21-sfe.infd.edu.ar\/sitio\/wp-json\/wp\/v2\/pages"}],"about":[{"href":"https:\/\/isp21-sfe.infd.edu.ar\/sitio\/wp-json\/wp\/v2\/types\/page"}],"author":[{"embeddable":true,"href":"https:\/\/isp21-sfe.infd.edu.ar\/sitio\/wp-json\/wp\/v2\/users\/331"}],"replies":[{"embeddable":true,"href":"https:\/\/isp21-sfe.infd.edu.ar\/sitio\/wp-json\/wp\/v2\/comments?post=1424"}],"version-history":[{"count":12,"href":"https:\/\/isp21-sfe.infd.edu.ar\/sitio\/wp-json\/wp\/v2\/pages\/1424\/revisions"}],"predecessor-version":[{"id":1889,"href":"https:\/\/isp21-sfe.infd.edu.ar\/sitio\/wp-json\/wp\/v2\/pages\/1424\/revisions\/1889"}],"wp:attachment":[{"href":"https:\/\/isp21-sfe.infd.edu.ar\/sitio\/wp-json\/wp\/v2\/media?parent=1424"}],"curies":[{"name":"wp","href":"https:\/\/api.w.org\/{rel}","templated":true}]}}